{"id":505,"date":"2021-07-12T09:44:40","date_gmt":"2021-07-12T13:44:40","guid":{"rendered":"https:\/\/bullishmatt.enconstruction.website\/?post_type=product&#038;p=505"},"modified":"2024-04-02T15:50:39","modified_gmt":"2024-04-02T19:50:39","slug":"challenge-20k-a-100k","status":"publish","type":"product","link":"https:\/\/bullishmatt.com\/fr\/produit\/challenge-20k-a-100k\/","title":{"rendered":"Challenge 20k \u00e0 100k"},"content":{"rendered":"","protected":false},"excerpt":{"rendered":"<p>R\u00e9servez VOTRE place pour 150$ !<\/p>\n<p>Le paiement restant devra \u00eatre pay\u00e9 pour avoir acc\u00e8s\u00a0au challenge. Nous vous enverrons un courriel afin de vous mentionner que le challenge d\u00e9bute la semaine qui suit. Le d\u00e9p\u00f4t\u00a0n&rsquo;est pas remboursable.<\/p>\n","protected":false},"featured_media":517,"template":"","meta":{"_acf_changed":false,"pmpro_default_level":"","inline_featured_image":false},"product_brand":[],"product_cat":[34],"product_tag":[],"class_list":{"0":"post-505","1":"product","2":"type-product","3":"status-publish","4":"has-post-thumbnail","6":"product_cat-challenge","7":"pmpro-has-access","9":"first","10":"instock","11":"virtual","12":"purchasable","13":"product-type-simple"},"acf":[],"yoast_head":"<!-- This site is optimized with the Yoast SEO plugin v27.4 - https:\/\/yoast.com\/product\/yoast-seo-wordpress\/ -->\n<title>Challenge 20k \u00e0 100k - Bullishmatt<\/title>\n<meta name=\"robots\" content=\"index, follow, max-snippet:-1, max-image-preview:large, max-video-preview:-1\" \/>\n<link rel=\"canonical\" href=\"https:\/\/bullishmatt.com\/fr\/produit\/challenge-20k-a-100k\/\" \/>\n<meta property=\"og:locale\" content=\"fr_FR\" \/>\n<meta property=\"og:type\" content=\"article\" \/>\n<meta property=\"og:title\" content=\"Challenge 20k \u00e0 100k - Bullishmatt\" \/>\n<meta property=\"og:description\" content=\"R\u00e9servez VOTRE place pour 150$ !  Le paiement restant devra \u00eatre pay\u00e9 pour avoir acc\u00e8s\u00a0au challenge. Nous vous enverrons un courriel afin de vous mentionner que le challenge d\u00e9bute la semaine qui suit. Le d\u00e9p\u00f4t\u00a0n&#039;est pas remboursable.\" \/>\n<meta property=\"og:url\" content=\"https:\/\/bullishmatt.com\/fr\/produit\/challenge-20k-a-100k\/\" \/>\n<meta property=\"og:site_name\" content=\"Bullishmatt\" \/>\n<meta property=\"article:modified_time\" content=\"2024-04-02T19:50:39+00:00\" \/>\n<meta property=\"og:image\" content=\"https:\/\/bullishmatt.com\/wp-content\/uploads\/2021\/07\/groupe-288.png\" \/>\n\t<meta property=\"og:image:width\" content=\"986\" \/>\n\t<meta property=\"og:image:height\" content=\"986\" \/>\n\t<meta property=\"og:image:type\" content=\"image\/png\" \/>\n<meta name=\"twitter:card\" content=\"summary_large_image\" \/>\n<meta name=\"twitter:label1\" content=\"Dur\u00e9e de lecture estim\u00e9e\" \/>\n\t<meta name=\"twitter:data1\" content=\"1 minute\" \/>\n<script type=\"application\/ld+json\" class=\"yoast-schema-graph\">{\"@context\":\"https:\\\/\\\/schema.org\",\"@graph\":[{\"@type\":\"WebPage\",\"@id\":\"https:\\\/\\\/bullishmatt.com\\\/fr\\\/produit\\\/challenge-20k-a-100k\\\/\",\"url\":\"https:\\\/\\\/bullishmatt.com\\\/fr\\\/produit\\\/challenge-20k-a-100k\\\/\",\"name\":\"Challenge 20k \u00e0 100k - Bullishmatt\",\"isPartOf\":{\"@id\":\"https:\\\/\\\/bullishmatt.com\\\/#website\"},\"primaryImageOfPage\":{\"@id\":\"https:\\\/\\\/bullishmatt.com\\\/fr\\\/produit\\\/challenge-20k-a-100k\\\/#primaryimage\"},\"image\":{\"@id\":\"https:\\\/\\\/bullishmatt.com\\\/fr\\\/produit\\\/challenge-20k-a-100k\\\/#primaryimage\"},\"thumbnailUrl\":\"https:\\\/\\\/bullishmatt.com\\\/wp-content\\\/uploads\\\/2021\\\/07\\\/groupe-288.png\",\"datePublished\":\"2021-07-12T13:44:40+00:00\",\"dateModified\":\"2024-04-02T19:50:39+00:00\",\"breadcrumb\":{\"@id\":\"https:\\\/\\\/bullishmatt.com\\\/fr\\\/produit\\\/challenge-20k-a-100k\\\/#breadcrumb\"},\"inLanguage\":\"fr-FR\",\"potentialAction\":[{\"@type\":\"ReadAction\",\"target\":[\"https:\\\/\\\/bullishmatt.com\\\/fr\\\/produit\\\/challenge-20k-a-100k\\\/\"]}]},{\"@type\":\"ImageObject\",\"inLanguage\":\"fr-FR\",\"@id\":\"https:\\\/\\\/bullishmatt.com\\\/fr\\\/produit\\\/challenge-20k-a-100k\\\/#primaryimage\",\"url\":\"https:\\\/\\\/bullishmatt.com\\\/wp-content\\\/uploads\\\/2021\\\/07\\\/groupe-288.png\",\"contentUrl\":\"https:\\\/\\\/bullishmatt.com\\\/wp-content\\\/uploads\\\/2021\\\/07\\\/groupe-288.png\",\"width\":986,\"height\":986,\"caption\":\"Image Produit Challenge 20k to 100k\"},{\"@type\":\"BreadcrumbList\",\"@id\":\"https:\\\/\\\/bullishmatt.com\\\/fr\\\/produit\\\/challenge-20k-a-100k\\\/#breadcrumb\",\"itemListElement\":[{\"@type\":\"ListItem\",\"position\":1,\"name\":\"Accueil\",\"item\":\"https:\\\/\\\/bullishmatt.com\\\/fr\\\/\"},{\"@type\":\"ListItem\",\"position\":2,\"name\":\"Boutique\",\"item\":\"https:\\\/\\\/bullishmatt.com\\\/fr\\\/boutique\\\/\"},{\"@type\":\"ListItem\",\"position\":3,\"name\":\"Challenge 20k \u00e0 100k\"}]},{\"@type\":\"WebSite\",\"@id\":\"https:\\\/\\\/bullishmatt.com\\\/#website\",\"url\":\"https:\\\/\\\/bullishmatt.com\\\/\",\"name\":\"Bullishmatt\",\"description\":\"Fa\u00eetes des march\u00e9s un lever d\u2019enrichissement durable\",\"potentialAction\":[{\"@type\":\"SearchAction\",\"target\":{\"@type\":\"EntryPoint\",\"urlTemplate\":\"https:\\\/\\\/bullishmatt.com\\\/?s={search_term_string}\"},\"query-input\":{\"@type\":\"PropertyValueSpecification\",\"valueRequired\":true,\"valueName\":\"search_term_string\"}}],\"inLanguage\":\"fr-FR\"}]}<\/script>\n<!-- \/ Yoast SEO plugin. -->","yoast_head_json":{"title":"Challenge 20k \u00e0 100k - Bullishmatt","robots":{"index":"index","follow":"follow","max-snippet":"max-snippet:-1","max-image-preview":"max-image-preview:large","max-video-preview":"max-video-preview:-1"},"canonical":"https:\/\/bullishmatt.com\/fr\/produit\/challenge-20k-a-100k\/","og_locale":"fr_FR","og_type":"article","og_title":"Challenge 20k \u00e0 100k - Bullishmatt","og_description":"R\u00e9servez VOTRE place pour 150$ !  Le paiement restant devra \u00eatre pay\u00e9 pour avoir acc\u00e8s\u00a0au challenge. Nous vous enverrons un courriel afin de vous mentionner que le challenge d\u00e9bute la semaine qui suit. Le d\u00e9p\u00f4t\u00a0n'est pas remboursable.","og_url":"https:\/\/bullishmatt.com\/fr\/produit\/challenge-20k-a-100k\/","og_site_name":"Bullishmatt","article_modified_time":"2024-04-02T19:50:39+00:00","og_image":[{"width":986,"height":986,"url":"https:\/\/bullishmatt.com\/wp-content\/uploads\/2021\/07\/groupe-288.png","type":"image\/png"}],"twitter_card":"summary_large_image","twitter_misc":{"Dur\u00e9e de lecture estim\u00e9e":"1 minute"},"schema":{"@context":"https:\/\/schema.org","@graph":[{"@type":"WebPage","@id":"https:\/\/bullishmatt.com\/fr\/produit\/challenge-20k-a-100k\/","url":"https:\/\/bullishmatt.com\/fr\/produit\/challenge-20k-a-100k\/","name":"Challenge 20k \u00e0 100k - Bullishmatt","isPartOf":{"@id":"https:\/\/bullishmatt.com\/#website"},"primaryImageOfPage":{"@id":"https:\/\/bullishmatt.com\/fr\/produit\/challenge-20k-a-100k\/#primaryimage"},"image":{"@id":"https:\/\/bullishmatt.com\/fr\/produit\/challenge-20k-a-100k\/#primaryimage"},"thumbnailUrl":"https:\/\/bullishmatt.com\/wp-content\/uploads\/2021\/07\/groupe-288.png","datePublished":"2021-07-12T13:44:40+00:00","dateModified":"2024-04-02T19:50:39+00:00","breadcrumb":{"@id":"https:\/\/bullishmatt.com\/fr\/produit\/challenge-20k-a-100k\/#breadcrumb"},"inLanguage":"fr-FR","potentialAction":[{"@type":"ReadAction","target":["https:\/\/bullishmatt.com\/fr\/produit\/challenge-20k-a-100k\/"]}]},{"@type":"ImageObject","inLanguage":"fr-FR","@id":"https:\/\/bullishmatt.com\/fr\/produit\/challenge-20k-a-100k\/#primaryimage","url":"https:\/\/bullishmatt.com\/wp-content\/uploads\/2021\/07\/groupe-288.png","contentUrl":"https:\/\/bullishmatt.com\/wp-content\/uploads\/2021\/07\/groupe-288.png","width":986,"height":986,"caption":"Image Produit Challenge 20k to 100k"},{"@type":"BreadcrumbList","@id":"https:\/\/bullishmatt.com\/fr\/produit\/challenge-20k-a-100k\/#breadcrumb","itemListElement":[{"@type":"ListItem","position":1,"name":"Accueil","item":"https:\/\/bullishmatt.com\/fr\/"},{"@type":"ListItem","position":2,"name":"Boutique","item":"https:\/\/bullishmatt.com\/fr\/boutique\/"},{"@type":"ListItem","position":3,"name":"Challenge 20k \u00e0 100k"}]},{"@type":"WebSite","@id":"https:\/\/bullishmatt.com\/#website","url":"https:\/\/bullishmatt.com\/","name":"Bullishmatt","description":"Fa\u00eetes des march\u00e9s un lever d\u2019enrichissement durable","potentialAction":[{"@type":"SearchAction","target":{"@type":"EntryPoint","urlTemplate":"https:\/\/bullishmatt.com\/?s={search_term_string}"},"query-input":{"@type":"PropertyValueSpecification","valueRequired":true,"valueName":"search_term_string"}}],"inLanguage":"fr-FR"}]}},"jetpack_sharing_enabled":true,"_links":{"self":[{"href":"https:\/\/bullishmatt.com\/fr\/wp-json\/wp\/v2\/product\/505","targetHints":{"allow":["GET"]}}],"collection":[{"href":"https:\/\/bullishmatt.com\/fr\/wp-json\/wp\/v2\/product"}],"about":[{"href":"https:\/\/bullishmatt.com\/fr\/wp-json\/wp\/v2\/types\/product"}],"wp:featuredmedia":[{"embeddable":true,"href":"https:\/\/bullishmatt.com\/fr\/wp-json\/wp\/v2\/media\/517"}],"wp:attachment":[{"href":"https:\/\/bullishmatt.com\/fr\/wp-json\/wp\/v2\/media?parent=505"}],"wp:term":[{"taxonomy":"product_brand","embeddable":true,"href":"https:\/\/bullishmatt.com\/fr\/wp-json\/wp\/v2\/product_brand?post=505"},{"taxonomy":"product_cat","embeddable":true,"href":"https:\/\/bullishmatt.com\/fr\/wp-json\/wp\/v2\/product_cat?post=505"},{"taxonomy":"product_tag","embeddable":true,"href":"https:\/\/bullishmatt.com\/fr\/wp-json\/wp\/v2\/product_tag?post=505"}],"curies":[{"name":"wp","href":"https:\/\/api.w.org\/{rel}","templated":true}]}}